{"id":608,"date":"2021-11-07T16:15:50","date_gmt":"2021-11-07T16:15:50","guid":{"rendered":"https:\/\/hvr-gmbh.de\/?page_id=608"},"modified":"2025-10-20T18:37:44","modified_gmt":"2025-10-20T18:37:44","slug":"projekt-schillerstrasse-st-leon-rot","status":"publish","type":"page","link":"https:\/\/hvr-gmbh.de\/?page_id=608","title":{"rendered":"Projekt Schillerstrasse SLR"},"content":{"rendered":"\n<p>Das Genehmigungsverfahren unseres Bauprojekts <strong>Schillerstrasse SLR<\/strong>  in St. Leon-Rot ist nach der einstimmigen Genehmigung durch den Gemeinderat und der Ver\u00f6ffentlichung des vorhabenbezogenen Bebauungsplans abgeschlossen.<\/p>\n\n\n\n<p><br>Es besteht nun das Recht, 18 Doppelhaush\u00e4lften und 3 Einfamilienh\u00e4user zu bauen.<\/p>\n\n\n\n<figure class=\"wp-block-image size-large\"><img loading=\"lazy\" width=\"1024\" height=\"724\" src=\"https:\/\/hvr-gmbh.de\/wp-content\/uploads\/2021\/11\/Lageplan_M500-1024x724.jpg\" alt=\"\" class=\"wp-image-609\" srcset=\"https:\/\/hvr-gmbh.de\/wp-content\/uploads\/2021\/11\/Lageplan_M500-1024x724.jpg 1024w, https:\/\/hvr-gmbh.de\/wp-content\/uploads\/2021\/11\/Lageplan_M500-300x212.jpg 300w, https:\/\/hvr-gmbh.de\/wp-content\/uploads\/2021\/11\/Lageplan_M500-768x543.jpg 768w, https:\/\/hvr-gmbh.de\/wp-content\/uploads\/2021\/11\/Lageplan_M500-1536x1086.jpg 1536w, https:\/\/hvr-gmbh.de\/wp-content\/uploads\/2021\/11\/Lageplan_M500.jpg 1654w\" sizes=\"(max-width: 767px) 89vw, (max-width: 1000px) 54vw, (max-width: 1071px) 543px, 580px\" \/><\/figure>\n\n\n\n<p>Zur Zeit ist die Baudurchf\u00fchrung im Gange. <\/p>\n\n\n\n<p><\/p>\n","protected":false},"excerpt":{"rendered":"<p>Das Genehmigungsverfahren unseres Bauprojekts Schillerstrasse SLR in St. Leon-Rot ist nach der einstimmigen Genehmigung durch den Gemeinderat und der Ver\u00f6ffentlichung des vorhabenbezogenen Bebauungsplans abgeschlossen. Es besteht nun das Recht, 18 Doppelhaush\u00e4lften und 3 Einfamilienh\u00e4user zu bauen. Zur Zeit ist die Baudurchf\u00fchrung im Gange.<\/p>\n","protected":false},"author":2,"featured_media":0,"parent":0,"menu_order":0,"comment_status":"closed","ping_status":"closed","template":"","meta":[],"_links":{"self":[{"href":"https:\/\/hvr-gmbh.de\/index.php?rest_route=\/wp\/v2\/pages\/608"}],"collection":[{"href":"https:\/\/hvr-gmbh.de\/index.php?rest_route=\/wp\/v2\/pages"}],"about":[{"href":"https:\/\/hvr-gmbh.de\/index.php?rest_route=\/wp\/v2\/types\/page"}],"author":[{"embeddable":true,"href":"https:\/\/hvr-gmbh.de\/index.php?rest_route=\/wp\/v2\/users\/2"}],"replies":[{"embeddable":true,"href":"https:\/\/hvr-gmbh.de\/index.php?rest_route=%2Fwp%2Fv2%2Fcomments&post=608"}],"version-history":[{"count":7,"href":"https:\/\/hvr-gmbh.de\/index.php?rest_route=\/wp\/v2\/pages\/608\/revisions"}],"predecessor-version":[{"id":642,"href":"https:\/\/hvr-gmbh.de\/index.php?rest_route=\/wp\/v2\/pages\/608\/revisions\/642"}],"wp:attachment":[{"href":"https:\/\/hvr-gmbh.de\/index.php?rest_route=%2Fwp%2Fv2%2Fmedia&parent=608"}],"curies":[{"name":"wp","href":"https:\/\/api.w.org\/{rel}","templated":true}]}}