{"id":575,"date":"2021-10-21T11:56:59","date_gmt":"2021-10-21T11:56:59","guid":{"rendered":"https:\/\/hvr-gmbh.de\/?page_id=575"},"modified":"2023-08-26T11:32:20","modified_gmt":"2023-08-26T11:32:20","slug":"i7-10-wohnung-1","status":"publish","type":"page","link":"https:\/\/hvr-gmbh.de\/?page_id=575","title":{"rendered":"I7, 10 &#8211; Wohnung 1"},"content":{"rendered":"\n<div class=\"wp-block-group\"><div class=\"wp-block-group__inner-container\">\n<figure class=\"wp-block-image\"><img loading=\"lazy\" width=\"2560\" height=\"790\" src=\"http:\/\/hvr-gmbh.de\/wp-content\/uploads\/2020\/08\/i710_logo_neu-scaled.jpg\" alt=\"I710_Logo\" class=\"wp-image-307\" srcset=\"https:\/\/hvr-gmbh.de\/wp-content\/uploads\/2020\/08\/i710_logo_neu-scaled.jpg 2560w, https:\/\/hvr-gmbh.de\/wp-content\/uploads\/2020\/08\/i710_logo_neu-300x93.jpg 300w, https:\/\/hvr-gmbh.de\/wp-content\/uploads\/2020\/08\/i710_logo_neu-1024x316.jpg 1024w, https:\/\/hvr-gmbh.de\/wp-content\/uploads\/2020\/08\/i710_logo_neu-768x237.jpg 768w, https:\/\/hvr-gmbh.de\/wp-content\/uploads\/2020\/08\/i710_logo_neu-1536x474.jpg 1536w, https:\/\/hvr-gmbh.de\/wp-content\/uploads\/2020\/08\/i710_logo_neu-2048x632.jpg 2048w\" sizes=\"(max-width: 767px) 89vw, (max-width: 1000px) 54vw, (max-width: 1071px) 543px, 580px\" \/><\/figure>\n\n\n\n<p><strong>Neubau Erstbezug 3-Zimmer mit Balkon zum Innenhof \u2013  provisionsfrei <strong>\u2013<\/strong><\/strong><\/p>\n\n\n\n<p>Die Wohnung I7, Wohnung 1 befindet sich im Hauptgeb\u00e4ude. Zur Beschreibung des Gesamtprojekts kommen Sie&nbsp;<a rel=\"noreferrer noopener\" href=\"http:\/\/hvr-gmbh.de\/?page_id=28\" target=\"_blank\">hier.<\/a><\/p>\n\n\n\n<p><strong>Grundriss<\/strong><br><br><a href=\"https:\/\/hvr-gmbh.de\/wp-content\/uploads\/2021\/10\/I7_10_Wohnung_1-1024x711.jpg\" target=\"_blank\" rel=\"noreferrer noopener\">Download: Grundriss Wohnung 1<\/a><\/p>\n\n\n\n<figure class=\"wp-block-image size-large\"><img loading=\"lazy\" width=\"1024\" height=\"711\" src=\"https:\/\/hvr-gmbh.de\/wp-content\/uploads\/2021\/10\/I7_10_Wohnung_1-1024x711.jpg\" alt=\"Grundriss Wohnung 1\" class=\"wp-image-579\" srcset=\"https:\/\/hvr-gmbh.de\/wp-content\/uploads\/2021\/10\/I7_10_Wohnung_1-1024x711.jpg 1024w, https:\/\/hvr-gmbh.de\/wp-content\/uploads\/2021\/10\/I7_10_Wohnung_1-300x208.jpg 300w, https:\/\/hvr-gmbh.de\/wp-content\/uploads\/2021\/10\/I7_10_Wohnung_1-768x533.jpg 768w, https:\/\/hvr-gmbh.de\/wp-content\/uploads\/2021\/10\/I7_10_Wohnung_1-1536x1067.jpg 1536w, https:\/\/hvr-gmbh.de\/wp-content\/uploads\/2021\/10\/I7_10_Wohnung_1-2048x1422.jpg 2048w\" sizes=\"(max-width: 767px) 89vw, (max-width: 1000px) 54vw, (max-width: 1071px) 543px, 580px\" \/><\/figure>\n\n\n\n<figure class=\"wp-block-image size-large\"><img loading=\"lazy\" width=\"1024\" height=\"958\" src=\"https:\/\/hvr-gmbh.de\/wp-content\/uploads\/2021\/10\/Ansicht-Vorderhaus-1024x958.jpg\" alt=\"Fassadenansicht\" class=\"wp-image-602\" srcset=\"https:\/\/hvr-gmbh.de\/wp-content\/uploads\/2021\/10\/Ansicht-Vorderhaus-1024x958.jpg 1024w, https:\/\/hvr-gmbh.de\/wp-content\/uploads\/2021\/10\/Ansicht-Vorderhaus-300x281.jpg 300w, https:\/\/hvr-gmbh.de\/wp-content\/uploads\/2021\/10\/Ansicht-Vorderhaus-768x718.jpg 768w\" sizes=\"(max-width: 767px) 89vw, (max-width: 1000px) 54vw, (max-width: 1071px) 543px, 580px\" \/><\/figure>\n\n\n\n<figure class=\"wp-block-image size-large\"><img loading=\"lazy\" width=\"602\" height=\"1024\" src=\"https:\/\/hvr-gmbh.de\/wp-content\/uploads\/2021\/10\/Ansicht-Vorderhaus-Hofseite-602x1024.jpg\" alt=\"Innenhofansicht\" class=\"wp-image-604\" srcset=\"https:\/\/hvr-gmbh.de\/wp-content\/uploads\/2021\/10\/Ansicht-Vorderhaus-Hofseite-602x1024.jpg 602w, https:\/\/hvr-gmbh.de\/wp-content\/uploads\/2021\/10\/Ansicht-Vorderhaus-Hofseite-176x300.jpg 176w, https:\/\/hvr-gmbh.de\/wp-content\/uploads\/2021\/10\/Ansicht-Vorderhaus-Hofseite-768x1307.jpg 768w, https:\/\/hvr-gmbh.de\/wp-content\/uploads\/2021\/10\/Ansicht-Vorderhaus-Hofseite-903x1536.jpg 903w, https:\/\/hvr-gmbh.de\/wp-content\/uploads\/2021\/10\/Ansicht-Vorderhaus-Hofseite-scaled.jpg 1505w\" sizes=\"(max-width: 602px) 100vw, 602px\" \/><\/figure>\n\n\n\n<p><strong>Objektbeschreibung<\/strong><br>Es handelt sich um eine Neubauwohnung mit Erstbezug.<\/p>\n\n\n\n<ul id=\"block-1043bfae-9e6b-42ec-8889-f1d545868801\"><li>Luxuri\u00f6s hohe Decken 3,19m !<\/li><li>Gro\u00dfe Loggia<\/li><li>Behindertengerechter Aufzug im Haus, Wohnung erreichbar.<\/li><li>Masterbad mit Badewanne<\/li><li>G\u00e4ste-Bad mit begehbarer Dusche<\/li><li>Ankleideraum, Garderobe und separate abgeschlossene Abstellkammer<\/li><li>3 fach verglaste W\u00e4rmeschutzfenster, bodentief in allen R\u00e4umen<\/li><li>Fu\u00dfbodenheizung \u00fcber Fernw\u00e4rme<\/li><li>Trinkwassererw\u00e4rmung g\u00fcnstig und komfortabel \u00fcber Fernw\u00e4rme. Dadurch Minimierung des Betriebs- und Unterhaltungsaufwands.<\/li><li>Massivparkettb\u00f6den, Flie\u00dfen Villeroy und Boch, Sanit\u00e4rausstattung Duravit, Armaturen Hansgrohe.<\/li><li>Smart programmierbare Fu\u00dfbodenheizung, Videosprechanlage zum Hoftor auch \u00fcber Handy weltweit<\/li><li>Computer-Netzwerk-Cat7. Kabelanschluss<\/li><\/ul>\n\n\n\n<p>Weiterhin geh\u00f6ren zur Wohnung<\/p>\n\n\n\n<ul id=\"block-1043bfae-9e6b-42ec-8889-f1d545868801\"><li>2 Stellpl\u00e4tze im abgeschlossenen barrierefrei erreichbaren Fahrradkeller mit Aufladem\u00f6glichkeit f\u00fcr Elektrofahrr\u00e4der<\/li><li>Barrierefrei erreichbarer Kellerraum<\/li><\/ul>\n\n\n\n<p><strong>Flexible Grundrissaufteilung und Auswahl der Ausstattung<br><\/strong>Bei fr\u00fchzeitiger Reservierung sind viele eigene Auswahlm\u00f6glichkeiten \u00fcber den Wohnungszuschnitt und die verwendeten Materialien m\u00f6glich.<br>Die im Grundriss gezeigte Version kann abge\u00e4ndert werden. Es k\u00f6nnen beispielsweise W\u00e4nde herausgenommen und dadurch mehrere R\u00e4ume zu einem Loft zusammengelegt werden. Durch die haupts\u00e4chlich aussen tragende Konstruktion des Hauses ist nur die Mittelwand festgelegt. Alle anderen W\u00e4nde k\u00f6nnen auch sp\u00e4ter noch bei ge\u00e4nderten Anforderungen angepasst werden. Die mit Schiebet\u00fcren eingezeichenten W\u00e4nde sind optional; derzeit noch nicht eingebaut, so dass hier Flexibilit\u00e4t besteht.<\/p>\n\n\n\n<p>Auch die Ausstattung der Wohnung ist noch weitgehend w\u00e4hlbar. Alle Oberfl\u00e4chen wie B\u00f6den, Fliesen, T\u00fcren, Wandbeschichtung, und auch die Sanit\u00e4rausstattung sind noch w\u00e4hlbar. Im Angebot enthalten sind Massivparkettb\u00f6den, Flie\u00dfen Villeroy und Boch, Sanit\u00e4rausstattung Duravit, Armaturen Hansgrohe.  Die K\u00fcche kann durch bereits erfolgte mehrfache Installation der Anschl\u00fcsse in verschiedenen Konstellationen mit oder ohne Insel aufgebaut werden.<\/p>\n\n\n\n<p><strong>Lage<\/strong><br>Die Wohnu<img src=\"http:\/\/hvr-gmbh.de\/wp-content\/uploads\/2020\/08\/20.08.23.Hinterhaus_alt0.pdf\" alt=\"\">ng befindet sich im Hauptgeb\u00e4ude. Absolut ruhige Lage zum Innenhof. Zugang zum Hof nur f\u00fcr Bewohner m\u00f6glich.<\/p>\n\n\n\n<p><strong>Aktueller Bautenstand<br><\/strong>Die Rohbauarbeiten zum Hauptgeb\u00e4ude und der Dachaufbau sind abgeschlossen . Durch den K\u00e4ufer k\u00f6nnen noch festgelegt werden: Raumaufteilung, Bodenbel\u00e4ge, Fliesen, Sanit\u00e4reinrichtung, K\u00fcche, T\u00fcren, Wandgestaltung.<\/p>\n<\/div><\/div>\n\n\n\n<p><strong>Bezugsfertigkeit<\/strong><br> M\u00e4rz 2024. <\/p>\n","protected":false},"excerpt":{"rendered":"<p>Bezugsfertigkeit M\u00e4rz 2024.<\/p>\n","protected":false},"author":2,"featured_media":0,"parent":0,"menu_order":0,"comment_status":"closed","ping_status":"closed","template":"","meta":[],"_links":{"self":[{"href":"https:\/\/hvr-gmbh.de\/index.php?rest_route=\/wp\/v2\/pages\/575"}],"collection":[{"href":"https:\/\/hvr-gmbh.de\/index.php?rest_route=\/wp\/v2\/pages"}],"about":[{"href":"https:\/\/hvr-gmbh.de\/index.php?rest_route=\/wp\/v2\/types\/page"}],"author":[{"embeddable":true,"href":"https:\/\/hvr-gmbh.de\/index.php?rest_route=\/wp\/v2\/users\/2"}],"replies":[{"embeddable":true,"href":"https:\/\/hvr-gmbh.de\/index.php?rest_route=%2Fwp%2Fv2%2Fcomments&post=575"}],"version-history":[{"count":14,"href":"https:\/\/hvr-gmbh.de\/index.php?rest_route=\/wp\/v2\/pages\/575\/revisions"}],"predecessor-version":[{"id":635,"href":"https:\/\/hvr-gmbh.de\/index.php?rest_route=\/wp\/v2\/pages\/575\/revisions\/635"}],"wp:attachment":[{"href":"https:\/\/hvr-gmbh.de\/index.php?rest_route=%2Fwp%2Fv2%2Fmedia&parent=575"}],"curies":[{"name":"wp","href":"https:\/\/api.w.org\/{rel}","templated":true}]}}