{"id":43,"date":"2020-08-25T13:54:51","date_gmt":"2020-08-25T13:54:51","guid":{"rendered":"http:\/\/hvr-gmbh.de\/?page_id=43"},"modified":"2020-09-02T11:17:20","modified_gmt":"2020-09-02T11:17:20","slug":"impressum","status":"publish","type":"page","link":"https:\/\/hvr-gmbh.de\/?page_id=43","title":{"rendered":"Impressum"},"content":{"rendered":"\n<p>Herausgeber dieser Webseiten ist die HVR Wohnungsbau GmbH:<br><br><strong>HVR-GmbH<br><\/strong>Schillerstrasse 64<br>68789 St. Leon-Rot<br> <br>Telefon 06227 3584053<br>Telefax 06227 5396296<br>Email  service@hvr-gmbh.de <\/p>\n\n\n\n<p>Inhaltlich Verant\u00adwortlicher gem\u00e4\u00df \u00a7 5 TMG: <br><br><strong>Gesch\u00e4ftsf\u00fchrer<\/strong><br>Karl Knopf<br>Geranienweg 10a<br>68789 St. Leon-Rot<br>Mobiltelefon 0171 3584053<\/p>\n\n\n\n<h3><strong>Haftungsausschluss<\/strong><\/h3>\n\n\n\n<p>Die Inhalte dieser Website werden mit gr\u00f6\u00dftm\u00f6glicher Sorgfalt recherchiert und implementiert. Fehler im Bearbeitungsvorgang sind dennoch nicht auszu\u00adschlie\u00dfen. Hinweise und Korrekturen senden Sie bitte an\u00a0<a href=\"mailto:service@hvr-gmbh.de\">service@hvr-gmbh.de<\/a>. Eine Haftung f\u00fcr die Richtigkeit, Vollst\u00e4ndigkeit und Aktualit\u00e4t dieser Webseiten kann trotz sorgf\u00e4ltiger Pr\u00fcfung nicht \u00fcbernommen werden. Die HVR-GmbH \u00fcbernimmt insbesondere keinerlei Haftung, f\u00fcr eventuelle Sch\u00e4den oder Konsequenzen, die durch die direkte oder indirekte Nutzung der angebotenen Inhalte entstehen.<\/p>\n\n\n\n<p>Die HVR-GmbH ist als Inhaltsanbieter f\u00fcr die eigenen Inhalte, die sie zur Nutzung bereith\u00e4lt, nach den allgemeinen Gesetzen verantwortlich. Von diesen eigenen Inhalten sind Querverweise (&#8222;externe Links&#8220;) auf die von anderen Anbietern bereitgehaltenen Inhalte zu unterscheiden. Diese fremden Inhalte stammen weder von der HVR-GmbH, noch hat die HVR-GmbH die M\u00f6glichkeit, den Inhalt von Seiten Dritter zu beeinflussen. Die Inhalte fremder Seiten, auf die die HVR-GmbH mittels Links hinweist, spiegeln nicht die Meinung der HVR-GmbH wider, sondern dienen lediglich der Information und der Darstellung von Zusammen\u00adh\u00e4ngen. Die HVR-GmbH haftet nicht f\u00fcr fremde Inhalte, auf die es lediglich im oben genannten Sinne hinweist. Die Verantwortlichkeit liegt alleine bei dem Anbieter der Inhalte.<\/p>\n\n\n\n<h3><strong>Urheberrecht<\/strong><\/h3>\n\n\n\n<p>Alle auf dieser Website ver\u00f6ffentlichten Inhalte (Texte, Grafiken, Bilder, Layout usw.) unterliegen dem Urheberrecht. Jede vom Urheberrechtsgesetz nicht zugelassene Verwertung bedarf vorheriger schriftlicher Zustimmung der jeweiligen Berechtigten. Dies gilt insbesondere f\u00fcr Bearbeitung, \u00dcbersetzung, Vervielf\u00e4ltigung, Einspeicherung, Verarbeitung bzw. Wiedergabe von Inhalten in Datenbanken oder anderen elektronischen Medien und Systemen. Downloads und Fotokopien von Web-Seiten &#8211; nur f\u00fcr den pers\u00f6nlichen, privaten, nicht kommerziellen Gebrauch &#8211; d\u00fcrfen grunds\u00e4tzlich hergestellt werden. Die unerlaubte Reproduktion oder Weitergabe einzelner Inhalte oder kompletter Seiten wird straf- und zivilrechtlich verfolgt.<\/p>\n\n\n\n<h3><strong>Rechtliches zu Abmahnversuchen<\/strong><\/h3>\n\n\n\n<p>Keine Abmahnung ohne den vorherigen Kontakt zu uns.<br>Sollten durch die Aufmachung oder den Inhalt diese Internetseiten Rechte Dritter oder gesetzliche Bestimmungen verletzt worden sein, so bitten wir Sie um eine entsprechende Nachricht ohne Kostennote. Wir garantieren die unverz\u00fcgliche Entfernung der zu Recht beanstandeten Passagen, ohne dass die Einschaltung eines Rechtbeistandes von Ihrer Seite erforderlich ist. Sollten dennoch von Ihnen Kosten ausgel\u00f6st werden, ohne dass vorher eine Kontaktaufnahme mit uns erfolgt ist, werden wir diese voll umf\u00e4nglich zur\u00fcckweisen. Gegebenenfalls werden wir wegen Verletzung vorgenannter Bestimmungen Widerklage einreichen.<\/p>\n","protected":false},"excerpt":{"rendered":"<p>Herausgeber dieser Webseiten ist die HVR Wohnungsbau GmbH: HVR-GmbHSchillerstrasse 6468789 St. Leon-Rot Telefon 06227 3584053Telefax 06227 5396296Email service@hvr-gmbh.de Inhaltlich Verant\u00adwortlicher gem\u00e4\u00df \u00a7 5 TMG: Gesch\u00e4ftsf\u00fchrerKarl KnopfGeranienweg 10a68789 St. Leon-RotMobiltelefon 0171 3584053 Haftungsausschluss Die Inhalte dieser Website werden mit gr\u00f6\u00dftm\u00f6glicher Sorgfalt recherchiert und implementiert. Fehler im Bearbeitungsvorgang sind dennoch nicht auszu\u00adschlie\u00dfen. Hinweise und Korrekturen senden Sie &hellip; <\/p>\n<p class=\"link-more\"><a href=\"https:\/\/hvr-gmbh.de\/?page_id=43\" class=\"more-link\"><span class=\"screen-reader-text\">\u201eImpressum\u201c<\/span> weiterlesen<\/a><\/p>\n","protected":false},"author":2,"featured_media":0,"parent":0,"menu_order":0,"comment_status":"closed","ping_status":"closed","template":"","meta":[],"_links":{"self":[{"href":"https:\/\/hvr-gmbh.de\/index.php?rest_route=\/wp\/v2\/pages\/43"}],"collection":[{"href":"https:\/\/hvr-gmbh.de\/index.php?rest_route=\/wp\/v2\/pages"}],"about":[{"href":"https:\/\/hvr-gmbh.de\/index.php?rest_route=\/wp\/v2\/types\/page"}],"author":[{"embeddable":true,"href":"https:\/\/hvr-gmbh.de\/index.php?rest_route=\/wp\/v2\/users\/2"}],"replies":[{"embeddable":true,"href":"https:\/\/hvr-gmbh.de\/index.php?rest_route=%2Fwp%2Fv2%2Fcomments&post=43"}],"version-history":[{"count":18,"href":"https:\/\/hvr-gmbh.de\/index.php?rest_route=\/wp\/v2\/pages\/43\/revisions"}],"predecessor-version":[{"id":491,"href":"https:\/\/hvr-gmbh.de\/index.php?rest_route=\/wp\/v2\/pages\/43\/revisions\/491"}],"wp:attachment":[{"href":"https:\/\/hvr-gmbh.de\/index.php?rest_route=%2Fwp%2Fv2%2Fmedia&parent=43"}],"curies":[{"name":"wp","href":"https:\/\/api.w.org\/{rel}","templated":true}]}}