{"id":25,"date":"2020-08-25T13:42:08","date_gmt":"2020-08-25T13:42:08","guid":{"rendered":"http:\/\/hvr-gmbh.de\/?page_id=25"},"modified":"2021-01-19T14:16:36","modified_gmt":"2021-01-19T14:16:36","slug":"vorgehensweise","status":"publish","type":"page","link":"https:\/\/hvr-gmbh.de\/?page_id=25","title":{"rendered":"Vorgehensweise"},"content":{"rendered":"\n<p><strong>Menschen<\/strong> <br>Eine Wohnanlage soll f\u00fcr alle Beteiligte dauerhaft gute Verh\u00e4lnisse schaffen. Eigent\u00fcmerInnen, InvestorInnen und BewohnerInnen. Dies setzt auf bestimmte Weise voraus, dass  die Beteiligten zusammen passen. Wir legen daher Wert auf die Zusammenfindung einer guten BewohnerInnen- und Eigent\u00fcmerInnenstruktur. Wenn es irgendwo klemmt sind wir f\u00fcr sie da. Wir haben keine Hotline, sondern eine direkte Ansprache. Wir kennen das Objekt vom ersten Stein bis zum letzten Kabel und wir kennen alle Verantwortlichen, die am Bau beteiligt sind. Wirkungsvolle und schnelle L\u00f6sungen von Problemen sind dadurch auch noch nach Jahren garantiert. Zum Einsatz kommen traditionelle, regionale, inhabergef\u00fchrte Firmen; keine Subunternehmen.<\/p>\n\n\n\n<p><strong>L\u00f6sungen <\/strong>  <br>Mithin bleiben wir im Objekt durch Halten von Wohnungen investiert und stehen langfristig als Verwalter zur Verf\u00fcgung. Unser Augenmerk liegt von der Konstruktion bis zur Fertigstellung darauf, f\u00fcr den sp\u00e4teren Betrieb einen niedrigen Kosten- und Verwaltungsaufwand zu erhalten. Wir verdienen unser Geld nicht mit der Verwaltung von Immobilien. Die selbstkostennahe Verwaltung ist schon aus Gr\u00fcnden der Wertentwicklung unseres Bestandes ein Teil des Konzepts.<\/p>\n\n\n\n<p><strong>Materialien<\/strong> <br>Am nachhaltigen Bau gibt es die Formel &#8222;Je weiter innen, desto langfristig stabiler und hochwertiger muss die L\u00f6sung sein&#8220;. Edle Oberfl\u00e4chen sehen wir als M\u00f6glichkeit, abh\u00e4ngig vom KundInnenwunsch. Absolut haltbare und dauerhaft hohe Qualit\u00e4t der Bausubstanz als kompromisslose Notwendigkeit. <\/p>\n\n\n\n<p><strong>Formen<\/strong><br>Wir schaffen ein klassisches, zeitloses \u00e4u\u00dferes Design und flexible Grundrisse mit kurzen Wegen. Eine hohe Separierung der Wohneinheiten optisch, akustisch und die Luftstr\u00f6me betreffend.<\/p>\n\n\n\n<p><strong>Planung und Ausf\u00fchrung<\/strong><br>Wir erzeugen Vorteile aus einer umfassenden Umsetzung moderner BIM-Prozesse (Building Information Modeling) \u00fcber die gesamte Wertsch\u00f6pfungskette vom Bau bis zum Unterhalt der Immobilie. Dabei setzten wir die bestm\u00f6gliche Technik ein. Aktuell unser firmeneigener 3D-Laser-Scanner FARO Photon. Vom 3D-Laser-Aufmass \u00fcber die Planung bis zur st\u00e4ndigen baufortschrittsbegleitenden Kontrolle der Ausf\u00fchrung bilden wir alle relevanten Daten eines Geb\u00e4udes in einem zentralen Software-Modell ab, das neben den 3 r\u00e4umlichen die Zeit als vierte der Dimensionen einschlie\u00dft.<\/p>\n\n\n\n<p> <img loading=\"lazy\" width=\"2353\" height=\"2560\" class=\"wp-image-472\" style=\"width: 600px;\" src=\"http:\/\/hvr-gmbh.de\/wp-content\/uploads\/2020\/08\/faro_scanner2-scaled.jpg\" alt=\"\" srcset=\"https:\/\/hvr-gmbh.de\/wp-content\/uploads\/2020\/08\/faro_scanner2-scaled.jpg 2353w, https:\/\/hvr-gmbh.de\/wp-content\/uploads\/2020\/08\/faro_scanner2-276x300.jpg 276w, https:\/\/hvr-gmbh.de\/wp-content\/uploads\/2020\/08\/faro_scanner2-941x1024.jpg 941w, https:\/\/hvr-gmbh.de\/wp-content\/uploads\/2020\/08\/faro_scanner2-768x835.jpg 768w, https:\/\/hvr-gmbh.de\/wp-content\/uploads\/2020\/08\/faro_scanner2-1412x1536.jpg 1412w, https:\/\/hvr-gmbh.de\/wp-content\/uploads\/2020\/08\/faro_scanner2-1883x2048.jpg 1883w\" sizes=\"(max-width: 767px) 89vw, (max-width: 1000px) 54vw, (max-width: 1071px) 543px, 580px\" \/><\/p>\n\n\n\n<figure class=\"wp-block-gallery columns-2 is-cropped\"><ul class=\"blocks-gallery-grid\"><li class=\"blocks-gallery-item\"><figure><img loading=\"lazy\" width=\"1024\" height=\"734\" src=\"http:\/\/hvr-gmbh.de\/wp-content\/uploads\/2020\/08\/3d_laserscann-1024x734.jpg\" alt=\"\" data-id=\"474\" data-link=\"http:\/\/hvr-gmbh.de\/?attachment_id=474\" class=\"wp-image-474\" srcset=\"https:\/\/hvr-gmbh.de\/wp-content\/uploads\/2020\/08\/3d_laserscann-1024x734.jpg 1024w, https:\/\/hvr-gmbh.de\/wp-content\/uploads\/2020\/08\/3d_laserscann-300x215.jpg 300w, https:\/\/hvr-gmbh.de\/wp-content\/uploads\/2020\/08\/3d_laserscann-768x550.jpg 768w, https:\/\/hvr-gmbh.de\/wp-content\/uploads\/2020\/08\/3d_laserscann-1536x1101.jpg 1536w, https:\/\/hvr-gmbh.de\/wp-content\/uploads\/2020\/08\/3d_laserscann-2048x1468.jpg 2048w\" sizes=\"(max-width: 767px) 89vw, (max-width: 1000px) 54vw, (max-width: 1071px) 543px, 580px\" \/><\/figure><\/li><li class=\"blocks-gallery-item\"><figure><img loading=\"lazy\" width=\"512\" height=\"512\" src=\"http:\/\/hvr-gmbh.de\/wp-content\/uploads\/2020\/08\/scan774.thumbnail.jpg\" alt=\"\" data-id=\"475\" data-full-url=\"http:\/\/hvr-gmbh.de\/wp-content\/uploads\/2020\/08\/scan774.thumbnail.jpg\" data-link=\"http:\/\/hvr-gmbh.de\/?attachment_id=475\" class=\"wp-image-475\" srcset=\"https:\/\/hvr-gmbh.de\/wp-content\/uploads\/2020\/08\/scan774.thumbnail.jpg 512w, https:\/\/hvr-gmbh.de\/wp-content\/uploads\/2020\/08\/scan774.thumbnail-300x300.jpg 300w, https:\/\/hvr-gmbh.de\/wp-content\/uploads\/2020\/08\/scan774.thumbnail-150x150.jpg 150w, https:\/\/hvr-gmbh.de\/wp-content\/uploads\/2020\/08\/scan774.thumbnail-100x100.jpg 100w\" sizes=\"(max-width: 512px) 100vw, 512px\" \/><\/figure><\/li><\/ul><\/figure>\n\n\n\n<p> <img loading=\"lazy\" width=\"800\" height=\"566\" class=\"wp-image-477\" style=\"width: 600px;\" src=\"http:\/\/hvr-gmbh.de\/wp-content\/uploads\/2020\/08\/17041Plan3c.jpg\" alt=\"\" srcset=\"https:\/\/hvr-gmbh.de\/wp-content\/uploads\/2020\/08\/17041Plan3c.jpg 800w, https:\/\/hvr-gmbh.de\/wp-content\/uploads\/2020\/08\/17041Plan3c-300x212.jpg 300w, https:\/\/hvr-gmbh.de\/wp-content\/uploads\/2020\/08\/17041Plan3c-768x543.jpg 768w\" sizes=\"(max-width: 767px) 89vw, (max-width: 1000px) 54vw, (max-width: 1071px) 543px, 580px\" \/><\/p>\n","protected":false},"excerpt":{"rendered":"<p>Menschen Eine Wohnanlage soll f\u00fcr alle Beteiligte dauerhaft gute Verh\u00e4lnisse schaffen. Eigent\u00fcmerInnen, InvestorInnen und BewohnerInnen. Dies setzt auf bestimmte Weise voraus, dass die Beteiligten zusammen passen. Wir legen daher Wert auf die Zusammenfindung einer guten BewohnerInnen- und Eigent\u00fcmerInnenstruktur. Wenn es irgendwo klemmt sind wir f\u00fcr sie da. Wir haben keine Hotline, sondern eine direkte Ansprache. &hellip; <\/p>\n<p class=\"link-more\"><a href=\"https:\/\/hvr-gmbh.de\/?page_id=25\" class=\"more-link\"><span class=\"screen-reader-text\">\u201eVorgehensweise\u201c<\/span> weiterlesen<\/a><\/p>\n","protected":false},"author":2,"featured_media":0,"parent":0,"menu_order":0,"comment_status":"closed","ping_status":"closed","template":"","meta":[],"_links":{"self":[{"href":"https:\/\/hvr-gmbh.de\/index.php?rest_route=\/wp\/v2\/pages\/25"}],"collection":[{"href":"https:\/\/hvr-gmbh.de\/index.php?rest_route=\/wp\/v2\/pages"}],"about":[{"href":"https:\/\/hvr-gmbh.de\/index.php?rest_route=\/wp\/v2\/types\/page"}],"author":[{"embeddable":true,"href":"https:\/\/hvr-gmbh.de\/index.php?rest_route=\/wp\/v2\/users\/2"}],"replies":[{"embeddable":true,"href":"https:\/\/hvr-gmbh.de\/index.php?rest_route=%2Fwp%2Fv2%2Fcomments&post=25"}],"version-history":[{"count":30,"href":"https:\/\/hvr-gmbh.de\/index.php?rest_route=\/wp\/v2\/pages\/25\/revisions"}],"predecessor-version":[{"id":503,"href":"https:\/\/hvr-gmbh.de\/index.php?rest_route=\/wp\/v2\/pages\/25\/revisions\/503"}],"wp:attachment":[{"href":"https:\/\/hvr-gmbh.de\/index.php?rest_route=%2Fwp%2Fv2%2Fmedia&parent=25"}],"curies":[{"name":"wp","href":"https:\/\/api.w.org\/{rel}","templated":true}]}}