{"id":24,"date":"2020-08-25T13:42:08","date_gmt":"2020-08-25T13:42:08","guid":{"rendered":"http:\/\/hvr-gmbh.de\/?page_id=24"},"modified":"2021-03-09T19:22:34","modified_gmt":"2021-03-09T19:22:34","slug":"wer-wir-sind","status":"publish","type":"page","link":"https:\/\/hvr-gmbh.de\/?page_id=24","title":{"rendered":"Wer wir sind"},"content":{"rendered":"\n<p><strong>Erfahrung<\/strong> <br>Unser Wissen \u00fcber die Errichtung von Wohnimmobilien entstammt einem \u00fcber Generationen aus famili\u00e4rem Umfeld von Architekten, Handwerksmeistern und Bauentwicklern gesammeltem und weitergegebenem Erfahrungs- und Weiterbildungsschatz. <\/p>\n\n\n\n<p><strong>Gesch\u00e4ftsmodell<\/strong> <br>Wir verkaufen keine schnell und mit fremdem Geld gebauten Immobilien noch bevor der erste Bagger rollt. Wir investieren nicht in 3D-Animationen da dies keinen Mehrwert f\u00fcr unsere Kund*Innen bringt und wir haben nur ein minimales Budget f\u00fcr Werbung. Jedoch investieren wir in moderne IT-Technik, die der Verbesserung der Planung, Bauausf\u00fchrung und Bauwerksunterhaltung dient. Wir bauen unter eigener Verantwortung mit eigenen Mitteln Wohnobjekte, die man betreten, pr\u00fcfen und real erleben kann und verkaufen einen Teil der bereits erstellten Wohnungen, m\u00f6glichst in einer Phase, in der die K\u00e4uferInnen noch weitgehend Einfluss auf die Aufteilung und Ausstattung nehmen k\u00f6nnen. Der Verkauf erfolgt direkt und provisionsfrei ohne Makler oder Vermittlerkosten. Wir haben einen umfangreichen eigenen Fahrzeug- und Maschinenpark. Vom firmeneigenen Baukran bis zur eigenen Server-Anlage sieht unser Konzept eine m\u00f6glichst hohe Integration und langfristige Wertsch\u00f6pfung aus Investitionen vor.<\/p>\n\n\n\n<figure class=\"wp-block-gallery columns-3 is-cropped\"><ul class=\"blocks-gallery-grid\"><li class=\"blocks-gallery-item\"><figure><img loading=\"lazy\" width=\"768\" height=\"1024\" src=\"http:\/\/hvr-gmbh.de\/wp-content\/uploads\/2020\/08\/baukran-768x1024.jpg\" alt=\"\" data-id=\"432\" data-link=\"http:\/\/hvr-gmbh.de\/?attachment_id=432\" class=\"wp-image-432\" srcset=\"https:\/\/hvr-gmbh.de\/wp-content\/uploads\/2020\/08\/baukran-768x1024.jpg 768w, https:\/\/hvr-gmbh.de\/wp-content\/uploads\/2020\/08\/baukran-225x300.jpg 225w, https:\/\/hvr-gmbh.de\/wp-content\/uploads\/2020\/08\/baukran-1152x1536.jpg 1152w, https:\/\/hvr-gmbh.de\/wp-content\/uploads\/2020\/08\/baukran-1536x2048.jpg 1536w, https:\/\/hvr-gmbh.de\/wp-content\/uploads\/2020\/08\/baukran-scaled.jpg 1920w\" sizes=\"(max-width: 767px) 89vw, (max-width: 1000px) 54vw, (max-width: 1071px) 543px, 580px\" \/><\/figure><\/li><li class=\"blocks-gallery-item\"><figure><img loading=\"lazy\" width=\"1024\" height=\"835\" src=\"http:\/\/hvr-gmbh.de\/wp-content\/uploads\/2020\/08\/bobcat-1024x835.jpg\" alt=\"\" data-id=\"433\" data-link=\"http:\/\/hvr-gmbh.de\/?attachment_id=433\" class=\"wp-image-433\" srcset=\"https:\/\/hvr-gmbh.de\/wp-content\/uploads\/2020\/08\/bobcat-1024x835.jpg 1024w, https:\/\/hvr-gmbh.de\/wp-content\/uploads\/2020\/08\/bobcat-300x245.jpg 300w, https:\/\/hvr-gmbh.de\/wp-content\/uploads\/2020\/08\/bobcat-768x627.jpg 768w, https:\/\/hvr-gmbh.de\/wp-content\/uploads\/2020\/08\/bobcat-1536x1253.jpg 1536w, https:\/\/hvr-gmbh.de\/wp-content\/uploads\/2020\/08\/bobcat-2048x1671.jpg 2048w\" sizes=\"(max-width: 767px) 89vw, (max-width: 1000px) 54vw, (max-width: 1071px) 543px, 580px\" \/><\/figure><\/li><li class=\"blocks-gallery-item\"><figure><img loading=\"lazy\" width=\"1024\" height=\"576\" src=\"http:\/\/hvr-gmbh.de\/wp-content\/uploads\/2020\/08\/kramer_radlader-1024x576.jpg\" alt=\"\" data-id=\"434\" data-link=\"http:\/\/hvr-gmbh.de\/?attachment_id=434\" class=\"wp-image-434\" srcset=\"https:\/\/hvr-gmbh.de\/wp-content\/uploads\/2020\/08\/kramer_radlader-1024x576.jpg 1024w, https:\/\/hvr-gmbh.de\/wp-content\/uploads\/2020\/08\/kramer_radlader-300x169.jpg 300w, https:\/\/hvr-gmbh.de\/wp-content\/uploads\/2020\/08\/kramer_radlader-768x432.jpg 768w, https:\/\/hvr-gmbh.de\/wp-content\/uploads\/2020\/08\/kramer_radlader-1536x864.jpg 1536w, https:\/\/hvr-gmbh.de\/wp-content\/uploads\/2020\/08\/kramer_radlader-2048x1152.jpg 2048w\" sizes=\"(max-width: 767px) 89vw, (max-width: 1000px) 54vw, (max-width: 1071px) 543px, 580px\" \/><\/figure><\/li><li class=\"blocks-gallery-item\"><figure><img loading=\"lazy\" width=\"1024\" height=\"768\" src=\"http:\/\/hvr-gmbh.de\/wp-content\/uploads\/2020\/08\/20200621_200758-1024x768.jpg\" alt=\"\" data-id=\"441\" data-full-url=\"http:\/\/hvr-gmbh.de\/wp-content\/uploads\/2020\/08\/20200621_200758-scaled.jpg\" data-link=\"http:\/\/hvr-gmbh.de\/?attachment_id=441\" class=\"wp-image-441\" srcset=\"https:\/\/hvr-gmbh.de\/wp-content\/uploads\/2020\/08\/20200621_200758-1024x768.jpg 1024w, https:\/\/hvr-gmbh.de\/wp-content\/uploads\/2020\/08\/20200621_200758-300x225.jpg 300w, https:\/\/hvr-gmbh.de\/wp-content\/uploads\/2020\/08\/20200621_200758-768x576.jpg 768w, https:\/\/hvr-gmbh.de\/wp-content\/uploads\/2020\/08\/20200621_200758-1536x1152.jpg 1536w, https:\/\/hvr-gmbh.de\/wp-content\/uploads\/2020\/08\/20200621_200758-2048x1536.jpg 2048w\" sizes=\"(max-width: 767px) 89vw, (max-width: 1000px) 54vw, (max-width: 1071px) 543px, 580px\" \/><\/figure><\/li><\/ul><\/figure>\n\n\n\n<p> Der Firmenstandort der HVR-GmbH entstammt einer Handwerksbetriebs-Gr\u00fcndung aus einer vorigen Generation unserer Familie.<\/p>\n\n\n\n<figure class=\"wp-block-gallery columns-2 is-cropped\"><ul class=\"blocks-gallery-grid\"><li class=\"blocks-gallery-item\"><figure><img loading=\"lazy\" width=\"1024\" height=\"771\" src=\"http:\/\/hvr-gmbh.de\/wp-content\/uploads\/2020\/08\/meisterbrief-1024x771.jpg\" alt=\"\" data-id=\"442\" data-full-url=\"http:\/\/hvr-gmbh.de\/wp-content\/uploads\/2020\/08\/meisterbrief.jpg\" data-link=\"http:\/\/hvr-gmbh.de\/?attachment_id=442\" class=\"wp-image-442\" srcset=\"https:\/\/hvr-gmbh.de\/wp-content\/uploads\/2020\/08\/meisterbrief-1024x771.jpg 1024w, https:\/\/hvr-gmbh.de\/wp-content\/uploads\/2020\/08\/meisterbrief-300x226.jpg 300w, https:\/\/hvr-gmbh.de\/wp-content\/uploads\/2020\/08\/meisterbrief-768x578.jpg 768w, https:\/\/hvr-gmbh.de\/wp-content\/uploads\/2020\/08\/meisterbrief.jpg 1206w\" sizes=\"(max-width: 767px) 89vw, (max-width: 1000px) 54vw, (max-width: 1071px) 543px, 580px\" \/><\/figure><\/li><li class=\"blocks-gallery-item\"><figure><img loading=\"lazy\" width=\"781\" height=\"1024\" src=\"http:\/\/hvr-gmbh.de\/wp-content\/uploads\/2020\/08\/ehrenurkunde-1-e1598823090529-781x1024.jpg\" alt=\"\" data-id=\"445\" data-full-url=\"http:\/\/hvr-gmbh.de\/wp-content\/uploads\/2020\/08\/ehrenurkunde-1-e1598823090529.jpg\" data-link=\"http:\/\/hvr-gmbh.de\/?attachment_id=445\" class=\"wp-image-445\" srcset=\"https:\/\/hvr-gmbh.de\/wp-content\/uploads\/2020\/08\/ehrenurkunde-1-e1598823090529-781x1024.jpg 781w, https:\/\/hvr-gmbh.de\/wp-content\/uploads\/2020\/08\/ehrenurkunde-1-e1598823090529-229x300.jpg 229w, https:\/\/hvr-gmbh.de\/wp-content\/uploads\/2020\/08\/ehrenurkunde-1-e1598823090529-768x1007.jpg 768w, https:\/\/hvr-gmbh.de\/wp-content\/uploads\/2020\/08\/ehrenurkunde-1-e1598823090529.jpg 918w\" sizes=\"(max-width: 767px) 89vw, (max-width: 1000px) 54vw, (max-width: 1071px) 543px, 580px\" \/><\/figure><\/li><\/ul><\/figure>\n\n\n\n<p><\/p>\n","protected":false},"excerpt":{"rendered":"<p>Erfahrung Unser Wissen \u00fcber die Errichtung von Wohnimmobilien entstammt einem \u00fcber Generationen aus famili\u00e4rem Umfeld von Architekten, Handwerksmeistern und Bauentwicklern gesammeltem und weitergegebenem Erfahrungs- und Weiterbildungsschatz. Gesch\u00e4ftsmodell Wir verkaufen keine schnell und mit fremdem Geld gebauten Immobilien noch bevor der erste Bagger rollt. Wir investieren nicht in 3D-Animationen da dies keinen Mehrwert f\u00fcr unsere Kund*Innen &hellip; <\/p>\n<p class=\"link-more\"><a href=\"https:\/\/hvr-gmbh.de\/?page_id=24\" class=\"more-link\"><span class=\"screen-reader-text\">\u201eWer wir sind\u201c<\/span> weiterlesen<\/a><\/p>\n","protected":false},"author":2,"featured_media":0,"parent":0,"menu_order":0,"comment_status":"closed","ping_status":"closed","template":"","meta":[],"_links":{"self":[{"href":"https:\/\/hvr-gmbh.de\/index.php?rest_route=\/wp\/v2\/pages\/24"}],"collection":[{"href":"https:\/\/hvr-gmbh.de\/index.php?rest_route=\/wp\/v2\/pages"}],"about":[{"href":"https:\/\/hvr-gmbh.de\/index.php?rest_route=\/wp\/v2\/types\/page"}],"author":[{"embeddable":true,"href":"https:\/\/hvr-gmbh.de\/index.php?rest_route=\/wp\/v2\/users\/2"}],"replies":[{"embeddable":true,"href":"https:\/\/hvr-gmbh.de\/index.php?rest_route=%2Fwp%2Fv2%2Fcomments&post=24"}],"version-history":[{"count":28,"href":"https:\/\/hvr-gmbh.de\/index.php?rest_route=\/wp\/v2\/pages\/24\/revisions"}],"predecessor-version":[{"id":523,"href":"https:\/\/hvr-gmbh.de\/index.php?rest_route=\/wp\/v2\/pages\/24\/revisions\/523"}],"wp:attachment":[{"href":"https:\/\/hvr-gmbh.de\/index.php?rest_route=%2Fwp%2Fv2%2Fmedia&parent=24"}],"curies":[{"name":"wp","href":"https:\/\/api.w.org\/{rel}","templated":true}]}}