{"id":2,"date":"2016-05-10T03:48:21","date_gmt":"2016-05-10T03:48:21","guid":{"rendered":"http:\/\/hvr-gmbh.de\/?page_id=2"},"modified":"2020-08-31T15:52:41","modified_gmt":"2020-08-31T15:52:41","slug":"sample-page","status":"publish","type":"page","link":"https:\/\/hvr-gmbh.de\/","title":{"rendered":"Dauerhafte Werte schaffen"},"content":{"rendered":"<p><\/p>\n\n\n<p>Seit Generationen sind wir damit besch\u00e4ftigt nachhaltige Immobilien zu errichten. Im Zentrum unseres Handelns steht dabei die Erschaffung zeitlos eleganter Formen unter Verwendung dauerhafter Baumaterialien und Beachtung umwelt- und ressourcenschonender Konstruktions- und Verarbeitungsmethoden.<\/p>\n\n\n\n<p>Die Errichtung von Geb\u00e4uden erfordert einen sehr hohen Einsatz knapper G\u00fcter. Nach unserem Verst\u00e4ndnis ist dabei der Fokus auf die Herstellung langfristig wertstabiler und flexibler Anlagen gerichtet, um f\u00fcr alle Beteiligte wie Eigent\u00fcmer, Investoren und Bewohner verl\u00e4ssliche Verh\u00e4ltnisse zu schaffen.<\/p>\n\n\n<p><\/p>\n\n\n<p><\/p>\n","protected":false},"excerpt":{"rendered":"<p>Seit Generationen sind wir damit besch\u00e4ftigt nachhaltige Immobilien zu errichten. Im Zentrum unseres Handelns steht dabei die Erschaffung zeitlos eleganter Formen unter Verwendung dauerhafter Baumaterialien und Beachtung umwelt- und ressourcenschonender Konstruktions- und Verarbeitungsmethoden. Die Errichtung von Geb\u00e4uden erfordert einen sehr hohen Einsatz knapper G\u00fcter. Nach unserem Verst\u00e4ndnis ist dabei der Fokus auf die Herstellung langfristig &hellip; <\/p>\n<p class=\"link-more\"><a href=\"https:\/\/hvr-gmbh.de\/\" class=\"more-link\"><span class=\"screen-reader-text\">\u201eDauerhafte Werte schaffen\u201c<\/span> weiterlesen<\/a><\/p>\n","protected":false},"author":1,"featured_media":0,"parent":0,"menu_order":0,"comment_status":"closed","ping_status":"closed","template":"","meta":[],"_links":{"self":[{"href":"https:\/\/hvr-gmbh.de\/index.php?rest_route=\/wp\/v2\/pages\/2"}],"collection":[{"href":"https:\/\/hvr-gmbh.de\/index.php?rest_route=\/wp\/v2\/pages"}],"about":[{"href":"https:\/\/hvr-gmbh.de\/index.php?rest_route=\/wp\/v2\/types\/page"}],"author":[{"embeddable":true,"href":"https:\/\/hvr-gmbh.de\/index.php?rest_route=\/wp\/v2\/users\/1"}],"replies":[{"embeddable":true,"href":"https:\/\/hvr-gmbh.de\/index.php?rest_route=%2Fwp%2Fv2%2Fcomments&post=2"}],"version-history":[{"count":19,"href":"https:\/\/hvr-gmbh.de\/index.php?rest_route=\/wp\/v2\/pages\/2\/revisions"}],"predecessor-version":[{"id":482,"href":"https:\/\/hvr-gmbh.de\/index.php?rest_route=\/wp\/v2\/pages\/2\/revisions\/482"}],"wp:attachment":[{"href":"https:\/\/hvr-gmbh.de\/index.php?rest_route=%2Fwp%2Fv2%2Fmedia&parent=2"}],"curies":[{"name":"wp","href":"https:\/\/api.w.org\/{rel}","templated":true}]}}